{"id":26,"date":"2024-04-11T11:49:31","date_gmt":"2024-04-11T10:49:31","guid":{"rendered":"https:\/\/printyourcalendar.com\/?page_id=26"},"modified":"2024-07-29T09:20:44","modified_gmt":"2024-07-29T13:20:44","slug":"contactanos","status":"publish","type":"page","link":"https:\/\/printyourcalendar.com\/es\/contactanos\/","title":{"rendered":"Cont\u00e1ctanos"},"content":{"rendered":"<p>\u00bfTienes preguntas, sugerencias o comentarios? \u00a1Nos encantar\u00eda saber de ti! No dudes en contactarnos en cualquier momento enviando un correo electr\u00f3nico a printyourcalendar arroba support punto com. Nuestro equipo est\u00e1 aqu\u00ed para asistirte y asegurarse de que tengas la mejor experiencia con nuestros calendarios imprimibles. \u00a1Gracias por elegir Printyourcalendar!<\/p><div class=\"print-content\" style=\"margin-top: 25px;margin-bottom: 50px;min-height: 280px;width: 100%;\" id=\"print-1221630024\"><script async src=\"\/\/pagead2.googlesyndication.com\/pagead\/js\/adsbygoogle.js?client=ca-pub-4639848270358694\" crossorigin=\"anonymous\"><\/script><ins class=\"adsbygoogle\" style=\"display:block;\" data-ad-client=\"ca-pub-4639848270358694\" \ndata-ad-slot=\"4866277586\" \ndata-ad-format=\"auto\"><\/ins>\n<script> \n(adsbygoogle = window.adsbygoogle || []).push({}); \n<\/script>\n<\/div>\n\n\n\n<p>Para m\u00e1s detalles, consulta nuestra\u00a0<a href=\"https:\/\/printyourcalendar.com\/es\/privacy-policy\/\">Pol\u00edtica de Privacidad<\/a>\u00a0y\u00a0<a href=\"https:\/\/printyourcalendar.com\/es\/terms-of-use\/\">T\u00e9rminos de Uso<\/a>.<\/p>\n\n\n<!-- wp:themify-builder\/canvas \/-->\n\n<!--themify_builder_static--><!--\/themify_builder_static--><div style='text-align:center' class='yasr-auto-insert-visitor'><\/div>","protected":false},"excerpt":{"rendered":"<p>Have questions, suggestions, or feedback? We&#8217;d love to hear from you! Feel free to reach out to us at any time by emailing printyourcalendar at support dot com. Our team is here to assist you and ensure you have the best experience with our printable calendars. Thank you for choosing Printyourcalendar! For more details, please [&hellip;]<\/p>","protected":false},"author":1,"featured_media":0,"parent":0,"menu_order":0,"comment_status":"closed","ping_status":"closed","template":"","meta":{"yasr_overall_rating":0,"yasr_post_is_review":"","yasr_auto_insert_disabled":"","yasr_review_type":"","footnotes":""},"class_list":["post-26","page","type-page","status-publish","hentry","has-post-title","has-post-date","has-post-category","has-post-tag","has-post-comment","has-post-author",""],"yasr_visitor_votes":{"stars_attributes":{"read_only":false,"span_bottom":false},"number_of_votes":0,"sum_votes":0},"builder_content":"","_links":{"self":[{"href":"https:\/\/printyourcalendar.com\/es\/wp-json\/wp\/v2\/pages\/26","targetHints":{"allow":["GET"]}}],"collection":[{"href":"https:\/\/printyourcalendar.com\/es\/wp-json\/wp\/v2\/pages"}],"about":[{"href":"https:\/\/printyourcalendar.com\/es\/wp-json\/wp\/v2\/types\/page"}],"author":[{"embeddable":true,"href":"https:\/\/printyourcalendar.com\/es\/wp-json\/wp\/v2\/users\/1"}],"replies":[{"embeddable":true,"href":"https:\/\/printyourcalendar.com\/es\/wp-json\/wp\/v2\/comments?post=26"}],"version-history":[{"count":24,"href":"https:\/\/printyourcalendar.com\/es\/wp-json\/wp\/v2\/pages\/26\/revisions"}],"predecessor-version":[{"id":1240,"href":"https:\/\/printyourcalendar.com\/es\/wp-json\/wp\/v2\/pages\/26\/revisions\/1240"}],"wp:attachment":[{"href":"https:\/\/printyourcalendar.com\/es\/wp-json\/wp\/v2\/media?parent=26"}],"curies":[{"name":"wp","href":"https:\/\/api.w.org\/{rel}","templated":true}]}}